{"id":6464,"date":"2023-08-25T18:23:05","date_gmt":"2023-08-25T18:23:05","guid":{"rendered":"https:\/\/naylawp.pethemes.com\/?page_id=6464"},"modified":"2024-05-31T14:13:44","modified_gmt":"2024-05-31T14:13:44","slug":"contact","status":"publish","type":"page","link":"https:\/\/www.boldtex.com\/?page_id=6464","title":{"rendered":"Contact"},"content":{"rendered":"\t\t<div data-elementor-type=\"wp-page\" data-elementor-id=\"6464\" class=\"elementor elementor-6464\">\n\t\t\t\t\t\t<section class=\"elementor-section elementor-top-section elementor-element elementor-element-4781945 wrapper-wide section-normal elementor-section-boxed elementor-section-height-default elementor-section-height-default default\" data-id=\"4781945\" data-element_type=\"section\" data-e-type=\"section\" id=\"pin\">\n\t\t\t\t\t\t<div class=\"elementor-container elementor-column-gap-default\">\n\t\t\t\t\t<div class=\"elementor-column elementor-col-100 elementor-top-column elementor-element elementor-element-2b77259\" data-id=\"2b77259\" data-element_type=\"column\" data-e-type=\"column\">\n\t\t\t<div class=\"elementor-widget-wrap elementor-element-populated\">\n\t\t\t\t\t\t<section class=\"elementor-section elementor-inner-section elementor-element elementor-element-a505ff2 elementor-section-content-middle wrapper-wide section-normal elementor-section-boxed elementor-section-height-default elementor-section-height-default default\" data-id=\"a505ff2\" data-element_type=\"section\" data-e-type=\"section\">\n\t\t\t\t\t\t<div class=\"elementor-container elementor-column-gap-default\">\n\t\t\t\t\t<div class=\"elementor-column elementor-col-33 elementor-inner-column elementor-element elementor-element-82c367d\" data-id=\"82c367d\" data-element_type=\"column\" data-e-type=\"column\">\n\t\t\t<div class=\"elementor-widget-wrap elementor-element-populated\">\n\t\t\t\t\t\t<div class=\"elementor-element elementor-element-b9a74cc elementor-widget elementor-widget-naylatextwrapper\" data-id=\"b9a74cc\" data-element_type=\"widget\" data-e-type=\"widget\" data-widget_type=\"naylatextwrapper.default\">\n\t\t\t\t<div class=\"elementor-widget-container\">\n\t\t\t\t\t\n\n\n<div class=\"text-wrapper no-margin \">\n\n    <p class=\"  text-p  false\" data-stagger=\"0.1\" data-duration=\"1.5\"data-delay=\"0\"data-scrub=\"false\" data-pin=\"false\"> INQUIRIES<\/p>\n\n\n<\/div>\n\n\n\t\t\t\t<\/div>\n\t\t\t\t<\/div>\n\t\t\t\t<div class=\"elementor-element elementor-element-c70e452 elementor-widget elementor-widget-naylatextwrapper\" data-id=\"c70e452\" data-element_type=\"widget\" data-e-type=\"widget\" data-widget_type=\"naylatextwrapper.default\">\n\t\t\t\t<div class=\"elementor-widget-container\">\n\t\t\t\t\t\n\n\n<div class=\"text-wrapper  \">\n\n    <p class=\"  text-p  false\" data-stagger=\"0.1\" data-duration=\"1.5\"data-delay=\"0\"data-scrub=\"false\" data-pin=\"false\"> info@boldtex.com\n<BR>+90 212 853 61 16<\/p>\n\n\n<\/div>\n\n\n\t\t\t\t<\/div>\n\t\t\t\t<\/div>\n\t\t\t\t<div class=\"elementor-element elementor-element-a41a024 elementor-widget elementor-widget-naylatextwrapper\" data-id=\"a41a024\" data-element_type=\"widget\" data-e-type=\"widget\" data-widget_type=\"naylatextwrapper.default\">\n\t\t\t\t<div class=\"elementor-widget-container\">\n\t\t\t\t\t\n\n\n<div class=\"text-wrapper  \">\n\n    <p class=\"  text-p  false\" data-stagger=\"0.1\" data-duration=\"1.5\"data-delay=\"0\"data-scrub=\"false\" data-pin=\"false\"> Osmangazi Mahallesi<br> M. Fevzi \u00c7akmak Caddesi<br> No:13 \u0130\u00e7 Kap\u0131 No : 1 Esenyurt\n<br>\u0130stanbul TURKEY<\/p>\n\n\n<\/div>\n\n\n\t\t\t\t<\/div>\n\t\t\t\t<\/div>\n\t\t\t\t\t<\/div>\n\t\t<\/div>\n\t\t\t\t<div class=\"elementor-column elementor-col-33 elementor-inner-column elementor-element elementor-element-2e81019\" data-id=\"2e81019\" data-element_type=\"column\" data-e-type=\"column\">\n\t\t\t<div class=\"elementor-widget-wrap elementor-element-populated\">\n\t\t\t\t\t\t<div class=\"elementor-element elementor-element-5ee3c3f elementor-widget elementor-widget-naylatextwrapper\" data-id=\"5ee3c3f\" data-element_type=\"widget\" data-e-type=\"widget\" data-widget_type=\"naylatextwrapper.default\">\n\t\t\t\t<div class=\"elementor-widget-container\">\n\t\t\t\t\t\n\n\n<div class=\"text-wrapper  \">\n\n    <p class=\"has-anim-text charsFadeOn  text-h1  false\" data-stagger=\"0.04\" data-duration=\"2\"data-delay=\"0\"data-scrub=\"false\" data-pin=\"false\"> Let's build something great together!<\/p>\n\n\n<\/div>\n\n\n\t\t\t\t<\/div>\n\t\t\t\t<\/div>\n\t\t\t\t\t<\/div>\n\t\t<\/div>\n\t\t\t\t<div class=\"pinned elementor-column elementor-col-33 elementor-inner-column elementor-element elementor-element-c584437\" data-pin=\"#pin\" data-id=\"c584437\" data-element_type=\"column\" data-e-type=\"column\">\n\t\t\t<div class=\"elementor-widget-wrap elementor-element-populated\">\n\t\t\t\t\t\t<div class=\"elementor-element elementor-element-02daecf elementor-widget elementor-widget-naylasingleimage\" data-id=\"02daecf\" data-element_type=\"widget\" data-e-type=\"widget\" data-widget_type=\"naylasingleimage.default\">\n\t\t\t\t<div class=\"elementor-widget-container\">\n\t\t\t\t\t\n\n<div class=\"single-image align-right    cursor-default  \" data-duration=0.5 data-delay=\"0\" data-scrub=\"false\" data-pin=\"false\" data-block-color=\"\" data-anim-out=\"\" data-image-scale=\"false\" >\n\n\n    <img decoding=\"async\" src=\"http:\/\/www.boldtex.com\/wp-content\/uploads\/2024\/02\/WhatsApp-Gorsel-2024-02-27-saat-09.42.22_f5226f40.jpg\">\n    \n    \n\n<\/div>\n            \n            \n\n\n\t\t\t\t<\/div>\n\t\t\t\t<\/div>\n\t\t\t\t\t<\/div>\n\t\t<\/div>\n\t\t\t\t\t<\/div>\n\t\t<\/section>\n\t\t\t\t<section class=\"elementor-section elementor-inner-section elementor-element elementor-element-939a2ea elementor-section-content-middle wrapper-wide section-normal elementor-section-boxed elementor-section-height-default elementor-section-height-default default\" data-id=\"939a2ea\" data-element_type=\"section\" data-e-type=\"section\">\n\t\t\t\t\t\t<div class=\"elementor-container elementor-column-gap-default\">\n\t\t\t\t\t<div class=\"elementor-column elementor-col-33 elementor-inner-column elementor-element elementor-element-806e8a2\" data-id=\"806e8a2\" data-element_type=\"column\" data-e-type=\"column\">\n\t\t\t<div class=\"elementor-widget-wrap\">\n\t\t\t\t\t\t\t<\/div>\n\t\t<\/div>\n\t\t\t\t<div class=\"elementor-column elementor-col-33 elementor-inner-column elementor-element elementor-element-f3eee09\" data-id=\"f3eee09\" data-element_type=\"column\" data-e-type=\"column\">\n\t\t\t<div class=\"elementor-widget-wrap elementor-element-populated\">\n\t\t\t\t\t\t<div class=\"elementor-element elementor-element-dc04b48 elementor-widget elementor-widget-shortcode\" data-id=\"dc04b48\" data-element_type=\"widget\" data-e-type=\"widget\" data-widget_type=\"shortcode.default\">\n\t\t\t\t<div class=\"elementor-widget-container\">\n\t\t\t\t\t\t\t<div class=\"elementor-shortcode\">\n<div class=\"wpcf7 no-js\" id=\"wpcf7-f5060-o1\" lang=\"en-US\" dir=\"ltr\" data-wpcf7-id=\"5060\">\n<div class=\"screen-reader-response\"><p role=\"status\" aria-live=\"polite\" aria-atomic=\"true\"><\/p> <ul><\/ul><\/div>\n<form action=\"\/index.php?rest_route=%2Fwp%2Fv2%2Fpages%2F6464#wpcf7-f5060-o1\" method=\"post\" class=\"wpcf7-form init\" aria-label=\"Contact form\" novalidate=\"novalidate\" data-status=\"init\">\n<fieldset class=\"hidden-fields-container\"><input type=\"hidden\" name=\"_wpcf7\" value=\"5060\" \/><input type=\"hidden\" name=\"_wpcf7_version\" value=\"6.1.5\" \/><input type=\"hidden\" name=\"_wpcf7_locale\" value=\"en_US\" \/><input type=\"hidden\" name=\"_wpcf7_unit_tag\" value=\"wpcf7-f5060-o1\" \/><input type=\"hidden\" name=\"_wpcf7_container_post\" value=\"0\" \/><input type=\"hidden\" name=\"_wpcf7_posted_data_hash\" value=\"\" \/>\n<\/fieldset>\n<!-- Form Field -->\n<div class=\"field-wrap half-wrap\">\n\t<p><label><br \/>\nCOMPANY<br \/>\n<\/label><br \/>\n<input type=\"text\" required autocomplete=\"off\" pattern=\"\\d{4,4}\" \/>\n\t<\/p>\n<\/div>\n <!--\/ Form Field -->\n\n <!-- Form Field -->\n<div class=\"field-wrap half-wrap\">\n\t<p><label><br \/>\nNAME<br \/>\n<\/label><br \/>\n<input type=\"text\" required autocomplete=\"off\" \/>\n\t<\/p>\n<\/div>\n <!--\/ Form Field -->\n\n <!-- Form Field -->\n<div class=\"field-wrap half-wrap\">\n\t<p><label><br \/>\nPHONE<br \/>\n<\/label><br \/>\n<input type=\"tel\" required autocomplete=\"off\" \/>\n\t<\/p>\n<\/div>\n <!--\/ Form Field-->\n\n <!-- Form Field -->\n<div class=\"field-wrap half-wrap\">\n\t<p><label><br \/>\nE-MAIL<br \/>\n<\/label><br \/>\n<input type=\"email\" required autocomplete=\"off\" \/>\n\t<\/p>\n<\/div>\n <!--\/ Form Field-->\n\n <!-- Form Field -->\n<div class=\"field-wrap\">\n\t<p><label><br \/>\nSUBJECT<br \/>\n<\/label><br \/>\n<input type=\"text\" required autocomplete=\"off\" \/>\n\t<\/p>\n<\/div>\n <!--\/ Form Field -->\n\n <!-- Form Field (Textarea)-->\n<div class=\"message-wrap\">\n\t<p><label><br \/>\nMESSAGE<br \/>\n<\/label><br \/>\n<textarea rows=\"8\"><\/textarea>\n\t<\/p>\n<\/div>\n <!--\/ Form Field (Textarea)-->\n\n <!-- Button -->\n<div class=\"send-wrap\">\n\t<p><button type=\"submit\" class=\"button button-block\">SUBMIT<\/button>\n\t<\/p>\n<\/div>\n <!--\/ Button --><div class=\"wpcf7-response-output\" aria-hidden=\"true\"><\/div>\n<\/form>\n<\/div>\n<\/div>\n\t\t\t\t\t\t<\/div>\n\t\t\t\t<\/div>\n\t\t\t\t\t<\/div>\n\t\t<\/div>\n\t\t\t\t<div class=\"elementor-column elementor-col-33 elementor-inner-column elementor-element elementor-element-3bc1e1c\" data-id=\"3bc1e1c\" data-element_type=\"column\" data-e-type=\"column\">\n\t\t\t<div class=\"elementor-widget-wrap\">\n\t\t\t\t\t\t\t<\/div>\n\t\t<\/div>\n\t\t\t\t\t<\/div>\n\t\t<\/section>\n\t\t\t\t\t<\/div>\n\t\t<\/div>\n\t\t\t\t\t<\/div>\n\t\t<\/section>\n\t\t\t\t<\/div>\n\t\t","protected":false},"excerpt":{"rendered":"<p>INQUIRIES info@boldtex.com +90 212 853 61 16 Osmangazi Mahallesi M. Fevzi \u00c7akmak Caddesi No:13 \u0130\u00e7 Kap\u0131 No : 1 Esenyurt \u0130stanbul TURKEY Let&#8217;s build something great together!<\/p>\n","protected":false},"author":1,"featured_media":0,"parent":0,"menu_order":0,"comment_status":"closed","ping_status":"closed","template":"","meta":{"_acf_changed":false,"_monsterinsights_skip_tracking":false,"_monsterinsights_sitenote_active":false,"_monsterinsights_sitenote_note":"","_monsterinsights_sitenote_category":0,"footnotes":""},"class_list":["post-6464","page","type-page","status-publish","hentry"],"acf":[],"aioseo_notices":[],"_links":{"self":[{"href":"https:\/\/www.boldtex.com\/index.php?rest_route=\/wp\/v2\/pages\/6464","targetHints":{"allow":["GET"]}}],"collection":[{"href":"https:\/\/www.boldtex.com\/index.php?rest_route=\/wp\/v2\/pages"}],"about":[{"href":"https:\/\/www.boldtex.com\/index.php?rest_route=\/wp\/v2\/types\/page"}],"author":[{"embeddable":true,"href":"https:\/\/www.boldtex.com\/index.php?rest_route=\/wp\/v2\/users\/1"}],"replies":[{"embeddable":true,"href":"https:\/\/www.boldtex.com\/index.php?rest_route=%2Fwp%2Fv2%2Fcomments&post=6464"}],"version-history":[{"count":6,"href":"https:\/\/www.boldtex.com\/index.php?rest_route=\/wp\/v2\/pages\/6464\/revisions"}],"predecessor-version":[{"id":10463,"href":"https:\/\/www.boldtex.com\/index.php?rest_route=\/wp\/v2\/pages\/6464\/revisions\/10463"}],"wp:attachment":[{"href":"https:\/\/www.boldtex.com\/index.php?rest_route=%2Fwp%2Fv2%2Fmedia&parent=6464"}],"curies":[{"name":"wp","href":"https:\/\/api.w.org\/{rel}","templated":true}]}}